{"id":9,"date":"2015-12-30T12:14:11","date_gmt":"2015-12-30T11:14:11","guid":{"rendered":"http:\/\/www.linguaemundi.co.rs\/sr\/?page_id=9"},"modified":"2017-11-26T16:58:27","modified_gmt":"2017-11-26T15:58:27","slug":"saradnja","status":"publish","type":"page","link":"http:\/\/www.linguaemundi.co.rs\/sr\/saradnja\/","title":{"rendered":"Saradnja"},"content":{"rendered":"<p>S obzirom da se na\u0161a prevodila\u010dka agencija trudi da izi\u0111e u susret svim potrebama svojih klijenata kada su u pitanju jezi\u010dke usluge, dobrodo\u0161li su nam novi saradnici sa razli\u010ditim znanjima i ve\u0161tinama. Zato ako<\/p>\n<p>&#8211; posedujete odli\u010dno znanje nekog stranog jezika \u2013 bilo da ste ga stekli obrazovanjem, bilo da ste izvorni govornik,<br \/>\n&#8211; imate kvalifikaciju za lektorisanje tekstova na srpskom jeziku<br \/>\n&#8211; ovla\u0161\u0107eni ste sudski tuma\u010d<br \/>\n&#8211; \u017eelite da steknete ili pro\u0161irite svoja iskustva u oblasti prevo\u0111enja ili lektorisanja<br \/>\n&#8211; fleksibilni ste kada je u pitanju posao<\/p>\n<p>javite nam se! Molimo Vas da nam putem e-maila po\u0161aljete kratku biografiju koja sadr\u017ei slede\u0107e osnovne podatke:<br \/>\n&#8211;\u00a0ime<br \/>\n&#8211;\u00a0prezime<br \/>\n&#8211;\u00a0mesto stanovanja<br \/>\n&#8211;\u00a0datum ro\u0111enja<br \/>\n&#8211;\u00a0stru\u010dnu spremu<br \/>\n&#8211;\u00a0podatke o znanjima i ve\u0161tinama<br \/>\n&#8211;\u00a0podatke o eventualnom prevodila\u010dkom iskustvu ili drugim relevantnim iskustvima<br \/>\n&#8211;\u00a0ostale podatke za koje smatrate da su bitni.<\/p>\n<p>Mi \u0107emo Vam u svakom slu\u010daju odgovoriti, a u slu\u010daju da Va\u0161 profil odgovara na\u0161im potrebama dogovoriti se sa Vama o mogu\u0107im oblicima saradnje.<\/p>\n","protected":false},"excerpt":{"rendered":"<p>S obzirom da se na\u0161a prevodila\u010dka agencija trudi da izi\u0111e u susret svim potrebama svojih klijenata kada su u pitanju jezi\u010dke usluge, dobrodo\u0161li su nam novi saradnici sa razli\u010ditim znanjima i ve\u0161tinama. Zato ako &#8211; posedujete odli\u010dno znanje nekog stranog jezika \u2013 bilo da ste ga stekli obrazovanjem, bilo da [&hellip;]<\/p>\n","protected":false},"author":1,"featured_media":0,"parent":0,"menu_order":3,"comment_status":"closed","ping_status":"closed","template":"page-fullwidth.php","meta":{"footnotes":""},"class_list":["post-9","page","type-page","status-publish","hentry"],"_links":{"self":[{"href":"http:\/\/www.linguaemundi.co.rs\/sr\/wp-json\/wp\/v2\/pages\/9","targetHints":{"allow":["GET"]}}],"collection":[{"href":"http:\/\/www.linguaemundi.co.rs\/sr\/wp-json\/wp\/v2\/pages"}],"about":[{"href":"http:\/\/www.linguaemundi.co.rs\/sr\/wp-json\/wp\/v2\/types\/page"}],"author":[{"embeddable":true,"href":"http:\/\/www.linguaemundi.co.rs\/sr\/wp-json\/wp\/v2\/users\/1"}],"replies":[{"embeddable":true,"href":"http:\/\/www.linguaemundi.co.rs\/sr\/wp-json\/wp\/v2\/comments?post=9"}],"version-history":[{"count":1,"href":"http:\/\/www.linguaemundi.co.rs\/sr\/wp-json\/wp\/v2\/pages\/9\/revisions"}],"predecessor-version":[{"id":10,"href":"http:\/\/www.linguaemundi.co.rs\/sr\/wp-json\/wp\/v2\/pages\/9\/revisions\/10"}],"wp:attachment":[{"href":"http:\/\/www.linguaemundi.co.rs\/sr\/wp-json\/wp\/v2\/media?parent=9"}],"curies":[{"name":"wp","href":"https:\/\/api.w.org\/{rel}","templated":true}]}}