{"id":7,"date":"2015-12-30T12:13:44","date_gmt":"2015-12-30T11:13:44","guid":{"rendered":"http:\/\/www.linguaemundi.co.rs\/sr\/?page_id=7"},"modified":"2017-11-26T16:57:51","modified_gmt":"2017-11-26T15:57:51","slug":"usluge","status":"publish","type":"page","link":"http:\/\/www.linguaemundi.co.rs\/sr\/usluge\/","title":{"rendered":"Usluge"},"content":{"rendered":"<p>Agencija \u201eLinguae mundi\u201c pru\u017ea slede\u0107e prevodila\u010dke i lektorske usluge:<\/p>\n<p>+ <strong>prevo\u0111enje pisanih tekstova<\/strong><strong><br \/>\n<\/strong>&#8211;\u00a0sa srpskog na strani jezik<br \/>\n&#8211;\u00a0sa stranog jezika na srpski jezik<br \/>\n&#8211;\u00a0sa stranog jezika na strani jezik<\/p>\n<p><strong>+ usmeno prevo\u0111enje<\/strong><br \/>\n&#8211;\u00a0konsekutivno<br \/>\n&#8211;\u00a0simultano<\/p>\n<p><strong>+ usluge sudskog tuma\u010da<\/strong><br \/>\n&#8211;\u00a0prevod i overa dokumenata<br \/>\n&#8211;\u00a0prisustvo overi ugovora i drugih dokumenata u sudu<br \/>\n&#8211;\u00a0prisustvo ven\u010danju<\/p>\n<p><strong>+ lektorisanje tekstova<\/strong><br \/>\n&#8211;\u00a0na srpskom jeziku<br \/>\n&#8211;\u00a0na stranom jeziku<\/p>\n<p>Jezici:<br \/>\n<strong>+ u\u017ea specijalnost<\/strong><br \/>\n&#8211;\u00a0srpski<br \/>\n&#8211;\u00a0nema\u010dki<br \/>\n&#8211;\u00a0ruski<br \/>\n&#8211;\u00a0bugarski<br \/>\n&#8211; makedonski<br \/>\n<strong>+ ostali jezici<\/strong><strong><br \/>\n<\/strong>&#8211;\u00a0engleski<br \/>\n&#8211;\u00a0francuski<br \/>\n&#8211;\u00a0italijanski<br \/>\n&#8211;\u00a0\u0161panski<br \/>\n&#8211;\u00a0albanski<\/p>\n<p><strong>Oblasti \u2013 u\u017ea specijalnost<\/strong><br \/>\n&#8211;\u00a0poslovna korespondencija<br \/>\n&#8211;\u00a0finansijska dokumentacija<br \/>\n&#8211; pravo<br \/>\n&#8211;\u00a0ekonomija<br \/>\n&#8211;\u00a0tehni\u010dka dokumentacija<br \/>\n&#8211;\u00a0\u0161umarstvo<br \/>\n&#8211;\u00a0poljoprivreda<br \/>\n&#8211; turizam<br \/>\n&#8211; umetnost<\/p>\n<p>Me\u0111utim, \u010dak i ako jezik za koji Vam je potreban prevod ili oblast za koju Vam je potrebna usluga nisu navedeni na gornjem spisku, nazovite nas ili nam po\u0161aljite e-mail \u2013 <strong>mi \u0107emo se potruditi da prona\u0111emo re\u0161enje za svaki Va\u0161 problem<\/strong>.<\/p>\n","protected":false},"excerpt":{"rendered":"<p>Agencija \u201eLinguae mundi\u201c pru\u017ea slede\u0107e prevodila\u010dke i lektorske usluge: + prevo\u0111enje pisanih tekstova &#8211;\u00a0sa srpskog na strani jezik &#8211;\u00a0sa stranog jezika na srpski jezik &#8211;\u00a0sa stranog jezika na strani jezik + usmeno prevo\u0111enje &#8211;\u00a0konsekutivno &#8211;\u00a0simultano + usluge sudskog tuma\u010da &#8211;\u00a0prevod i overa dokumenata &#8211;\u00a0prisustvo overi ugovora i drugih dokumenata u [&hellip;]<\/p>\n","protected":false},"author":1,"featured_media":0,"parent":0,"menu_order":2,"comment_status":"closed","ping_status":"closed","template":"page-fullwidth.php","meta":{"footnotes":""},"class_list":["post-7","page","type-page","status-publish","hentry"],"_links":{"self":[{"href":"http:\/\/www.linguaemundi.co.rs\/sr\/wp-json\/wp\/v2\/pages\/7","targetHints":{"allow":["GET"]}}],"collection":[{"href":"http:\/\/www.linguaemundi.co.rs\/sr\/wp-json\/wp\/v2\/pages"}],"about":[{"href":"http:\/\/www.linguaemundi.co.rs\/sr\/wp-json\/wp\/v2\/types\/page"}],"author":[{"embeddable":true,"href":"http:\/\/www.linguaemundi.co.rs\/sr\/wp-json\/wp\/v2\/users\/1"}],"replies":[{"embeddable":true,"href":"http:\/\/www.linguaemundi.co.rs\/sr\/wp-json\/wp\/v2\/comments?post=7"}],"version-history":[{"count":1,"href":"http:\/\/www.linguaemundi.co.rs\/sr\/wp-json\/wp\/v2\/pages\/7\/revisions"}],"predecessor-version":[{"id":8,"href":"http:\/\/www.linguaemundi.co.rs\/sr\/wp-json\/wp\/v2\/pages\/7\/revisions\/8"}],"wp:attachment":[{"href":"http:\/\/www.linguaemundi.co.rs\/sr\/wp-json\/wp\/v2\/media?parent=7"}],"curies":[{"name":"wp","href":"https:\/\/api.w.org\/{rel}","templated":true}]}}