{"id":5,"date":"2015-12-30T12:13:11","date_gmt":"2015-12-30T11:13:11","guid":{"rendered":"http:\/\/www.linguaemundi.co.rs\/sr\/?page_id=5"},"modified":"2017-11-26T16:57:31","modified_gmt":"2017-11-26T15:57:31","slug":"o-nama","status":"publish","type":"page","link":"http:\/\/www.linguaemundi.co.rs\/sr\/o-nama\/","title":{"rendered":"O nama"},"content":{"rendered":"<p>Sudski prevodilac za nema\u010dki i ruski jezik sa dugogodi\u0161njim prevodila\u010dkim iskustvom od 2007. godine vodi prevodila\u010dku agenciju kako bi svojim klijentima pru\u017eio kompletne usluge prevo\u0111enja na mnoge jezike sveta. Tako je na\u0161 tim saradnika rastao i mi smo danas u stanju da vam pru\u017eimo kvalitetnu uslugu prevo\u0111enja u najkra\u0107em mogu\u0107em roku u najrazli\u010ditijim oblastima. Na\u0161 tim \u010dine iskusni i provereni stalno zaposleni prevodioci i sudski tuma\u010di:<\/p>\n<ul>\n<li>sudski prevodilac za nema\u010dki jezik<\/li>\n<li>sudski prevodilac za ruski jezik<\/li>\n<\/ul>\n<p>i najbli\u017ei saradnici:<\/p>\n<ul>\n<li>sudski prevodilac za engleski jezik<\/li>\n<li>sudski prevodilac za japanski jezik<\/li>\n<li>sudski prevodilac za francuski jezik<\/li>\n<li>sudski prevodilac za italijanski jezik<\/li>\n<li>sudski prevodilac za makedonski jezik<\/li>\n<li>sudski prevodilac za slovena\u010dki jezik<\/li>\n<li>sudski prevodilac za hrvatski jezik<\/li>\n<li>sudski prevodilac za rumunski jezik<\/li>\n<li>sudski prevodilac za slova\u010dki jezik<\/li>\n<li>sudski prevodilac za arapski jezik<\/li>\n<li>sudski prevodilac za turski jezik<\/li>\n<li>sudski prevodilac za albanski jezik<\/li>\n<\/ul>\n<p>a u stanju smo da vam obezbedimo usluge prevoda i za sve druge jezike.<\/p>\n<p>Usluge koje nudimo:<\/p>\n<ul>\n<li>sudski prevodi dokumenta sa overom sudskog prevodioca (izvodi iz mati\u010dnih knjiga, presude, razli\u010diti sudski i policijski dokumenti, pravna dokumentacija)<\/li>\n<li>stru\u010dni prevodi<\/li>\n<li>prisustvo sudskog tuma\u010da ven\u010danjima<\/li>\n<li>prisustvo overama kod javnog bele\u017enika<\/li>\n<li>usmeni prevodi<\/li>\n<li>lektura<\/li>\n<\/ul>\n<p>Na\u0161 cilj je da re\u0161imo svaki va\u0161 problem kada su u pitanju prevodi.<\/p>\n","protected":false},"excerpt":{"rendered":"<p>Sudski prevodilac za nema\u010dki i ruski jezik sa dugogodi\u0161njim prevodila\u010dkim iskustvom od 2007. godine vodi prevodila\u010dku agenciju kako bi svojim klijentima pru\u017eio kompletne usluge prevo\u0111enja na mnoge jezike sveta. Tako je na\u0161 tim saradnika rastao i mi smo danas u stanju da vam pru\u017eimo kvalitetnu uslugu prevo\u0111enja u najkra\u0107em mogu\u0107em [&hellip;]<\/p>\n","protected":false},"author":1,"featured_media":0,"parent":0,"menu_order":1,"comment_status":"closed","ping_status":"closed","template":"page-fullwidth.php","meta":{"footnotes":""},"class_list":["post-5","page","type-page","status-publish","hentry"],"_links":{"self":[{"href":"http:\/\/www.linguaemundi.co.rs\/sr\/wp-json\/wp\/v2\/pages\/5","targetHints":{"allow":["GET"]}}],"collection":[{"href":"http:\/\/www.linguaemundi.co.rs\/sr\/wp-json\/wp\/v2\/pages"}],"about":[{"href":"http:\/\/www.linguaemundi.co.rs\/sr\/wp-json\/wp\/v2\/types\/page"}],"author":[{"embeddable":true,"href":"http:\/\/www.linguaemundi.co.rs\/sr\/wp-json\/wp\/v2\/users\/1"}],"replies":[{"embeddable":true,"href":"http:\/\/www.linguaemundi.co.rs\/sr\/wp-json\/wp\/v2\/comments?post=5"}],"version-history":[{"count":3,"href":"http:\/\/www.linguaemundi.co.rs\/sr\/wp-json\/wp\/v2\/pages\/5\/revisions"}],"predecessor-version":[{"id":41,"href":"http:\/\/www.linguaemundi.co.rs\/sr\/wp-json\/wp\/v2\/pages\/5\/revisions\/41"}],"wp:attachment":[{"href":"http:\/\/www.linguaemundi.co.rs\/sr\/wp-json\/wp\/v2\/media?parent=5"}],"curies":[{"name":"wp","href":"https:\/\/api.w.org\/{rel}","templated":true}]}}