{"id":11,"date":"2015-12-30T12:14:36","date_gmt":"2015-12-30T11:14:36","guid":{"rendered":"http:\/\/www.linguaemundi.co.rs\/sr\/?page_id=11"},"modified":"2024-12-27T12:29:14","modified_gmt":"2024-12-27T11:29:14","slug":"kontakt","status":"publish","type":"page","link":"http:\/\/www.linguaemundi.co.rs\/sr\/kontakt\/","title":{"rendered":"Kontakt"},"content":{"rendered":"<p>Prevodila\u010dka agencija<br \/>\n\u201eLINGUAE MUNDI\u201c<\/p>\n<p>Otona \u017dupan\u010di\u0107a 21\/48<br \/>\n11070 Novi Beograd<br \/>\nTelefon: + 011 <span class=\"top-phone\">445 77 12<\/span><br \/>\nMobilni: \u00a0+ 066 810 80 81<br \/>\nE-Mail: <a href=\"mailto:office@linguaemundi.co.rs\">office@linguaemundi.co.rs<\/a><a href=\"mailto:office@linguaemundi.co.rs\"><strong><br \/>\n<\/strong><\/a><\/p>\n<p>Podaci o registraciji<br \/>\nRegistarski organ: Agencija za privredne registre Beograd<br \/>\nRegistarski broj:\u00a0 63068918<br \/>\nPIB: 107896054<\/p>\n","protected":false},"excerpt":{"rendered":"<p>Prevodila\u010dka agencija \u201eLINGUAE MUNDI\u201c Otona \u017dupan\u010di\u0107a 21\/48 11070 Novi Beograd Telefon: + 011 445 77 12 Mobilni: \u00a0+ 066 810 80 81 E-Mail: office@linguaemundi.co.rs Podaci o registraciji Registarski organ: Agencija za privredne registre Beograd Registarski broj:\u00a0 63068918 PIB: 107896054<\/p>\n","protected":false},"author":1,"featured_media":0,"parent":0,"menu_order":4,"comment_status":"closed","ping_status":"closed","template":"page-fullwidth.php","meta":{"footnotes":""},"class_list":["post-11","page","type-page","status-publish","hentry"],"_links":{"self":[{"href":"http:\/\/www.linguaemundi.co.rs\/sr\/wp-json\/wp\/v2\/pages\/11","targetHints":{"allow":["GET"]}}],"collection":[{"href":"http:\/\/www.linguaemundi.co.rs\/sr\/wp-json\/wp\/v2\/pages"}],"about":[{"href":"http:\/\/www.linguaemundi.co.rs\/sr\/wp-json\/wp\/v2\/types\/page"}],"author":[{"embeddable":true,"href":"http:\/\/www.linguaemundi.co.rs\/sr\/wp-json\/wp\/v2\/users\/1"}],"replies":[{"embeddable":true,"href":"http:\/\/www.linguaemundi.co.rs\/sr\/wp-json\/wp\/v2\/comments?post=11"}],"version-history":[{"count":4,"href":"http:\/\/www.linguaemundi.co.rs\/sr\/wp-json\/wp\/v2\/pages\/11\/revisions"}],"predecessor-version":[{"id":47,"href":"http:\/\/www.linguaemundi.co.rs\/sr\/wp-json\/wp\/v2\/pages\/11\/revisions\/47"}],"wp:attachment":[{"href":"http:\/\/www.linguaemundi.co.rs\/sr\/wp-json\/wp\/v2\/media?parent=11"}],"curies":[{"name":"wp","href":"https:\/\/api.w.org\/{rel}","templated":true}]}}